{"id":4392,"date":"2018-12-28T14:14:21","date_gmt":"2018-12-28T13:14:21","guid":{"rendered":"https:\/\/www.werenfried.nl\/kerk\/?page_id=4392"},"modified":"2026-03-18T08:44:06","modified_gmt":"2026-03-18T07:44:06","slug":"diaconie","status":"publish","type":"page","link":"https:\/\/www.werenfried.nl\/kerk\/diaconie\/","title":{"rendered":"Diaconie"},"content":{"rendered":"\t\t<div data-elementor-type=\"wp-page\" data-elementor-id=\"4392\" class=\"elementor elementor-4392\">\n\t\t\t\t\t\t<section class=\"elementor-section elementor-top-section elementor-element elementor-element-691b5879 elementor-section-boxed elementor-section-height-default elementor-section-height-default\" data-id=\"691b5879\" data-element_type=\"section\" data-e-type=\"section\">\n\t\t\t\t\t\t<div class=\"elementor-container elementor-column-gap-default\">\n\t\t\t\t\t<div class=\"elementor-column elementor-col-100 elementor-top-column elementor-element elementor-element-1ed7acbf\" data-id=\"1ed7acbf\" data-element_type=\"column\" data-e-type=\"column\">\n\t\t\t<div class=\"elementor-widget-wrap elementor-element-populated\">\n\t\t\t\t\t\t<div class=\"elementor-element elementor-element-79ac68d6 elementor-widget elementor-widget-text-editor\" data-id=\"79ac68d6\" data-element_type=\"widget\" data-e-type=\"widget\" data-widget_type=\"text-editor.default\">\n\t\t\t\t<div class=\"elementor-widget-container\">\n\t\t\t\t\t\t\t\t\t\n<figure class=\"wp-block-image alignleft\"><img decoding=\"async\" width=\"300\" height=\"115\" class=\"wp-image-4348\" src=\"https:\/\/www.werenfried.nl\/kerk\/wp-content\/uploads\/2018\/12\/diac1-300x115.jpg\" alt=\"\" srcset=\"https:\/\/www.werenfried.nl\/kerk\/wp-content\/uploads\/2018\/12\/diac1-300x115.jpg 300w, https:\/\/www.werenfried.nl\/kerk\/wp-content\/uploads\/2018\/12\/diac1.jpg 399w\" sizes=\"(max-width: 300px) 100vw, 300px\" \/><\/figure>\n\n<p>De Diaconie van de Protestantse Kerk in Westervoort zet zich in voor een rechtvaardige en barmhartige samenleving. Vanuit compassie ondersteunen we hen die hulp nodig hebben, eenzaam zijn of in armoede leven. Dit willen we samen doen met de velen die omzien naar elkaar en mensen in nood laten weten dat ze er niet alleen voor staan.<\/p>\n<div class=\"wp-block-image\">\n<figure class=\"alignright\"><img decoding=\"async\" width=\"215\" height=\"123\" class=\"wp-image-4349\" src=\"https:\/\/www.werenfried.nl\/kerk\/wp-content\/uploads\/2018\/12\/diac2.jpg\" alt=\"\" \/><\/figure>\n<\/div>\n<p>De Diaconie ondersteunt en initieert projecten in Westervoort en omgeving, gericht op de verbetering van de positie van mensen in de knel.<br \/>Ons meest recente beleidsplan vindt u hier: <span style=\"color: #993300;\"><a style=\"color: #993300;\" href=\"http:\/\/www.werenfried.nl\/diaconie\/Beleidsplan%20voor%20de%20diaconie%202016.pdf\">&lt;beleidsplan&gt;<\/a><\/span><\/p>\n\t\t\t\t\t\t\t\t<\/div>\n\t\t\t\t<\/div>\n\t\t\t\t\t<\/div>\n\t\t<\/div>\n\t\t\t\t\t<\/div>\n\t\t<\/section>\n\t\t\t\t<section class=\"elementor-section elementor-top-section elementor-element elementor-element-6b32978 elementor-section-boxed elementor-section-height-default elementor-section-height-default\" data-id=\"6b32978\" data-element_type=\"section\" data-e-type=\"section\">\n\t\t\t\t\t\t<div class=\"elementor-container elementor-column-gap-default\">\n\t\t\t\t\t<div class=\"elementor-column elementor-col-100 elementor-top-column elementor-element elementor-element-e26927f\" data-id=\"e26927f\" data-element_type=\"column\" data-e-type=\"column\">\n\t\t\t<div class=\"elementor-widget-wrap elementor-element-populated\">\n\t\t\t\t\t\t<div class=\"elementor-element elementor-element-19c0406 elementor-widget elementor-widget-heading\" data-id=\"19c0406\" data-element_type=\"widget\" data-e-type=\"widget\" data-widget_type=\"heading.default\">\n\t\t\t\t<div class=\"elementor-widget-container\">\n\t\t\t\t\t<h2 class=\"elementor-heading-title elementor-size-default\">Opbrengsten diaconiecollectes in 2025<\/h2>\t\t\t\t<\/div>\n\t\t\t\t<\/div>\n\t\t\t\t\t<\/div>\n\t\t<\/div>\n\t\t\t\t\t<\/div>\n\t\t<\/section>\n\t\t\t\t<section class=\"elementor-section elementor-top-section elementor-element elementor-element-4ee568a elementor-section-boxed elementor-section-height-default elementor-section-height-default\" data-id=\"4ee568a\" data-element_type=\"section\" data-e-type=\"section\">\n\t\t\t\t\t\t<div class=\"elementor-container elementor-column-gap-default\">\n\t\t\t\t\t<div class=\"elementor-column elementor-col-100 elementor-top-column elementor-element elementor-element-1a97ec5\" data-id=\"1a97ec5\" data-element_type=\"column\" data-e-type=\"column\">\n\t\t\t<div class=\"elementor-widget-wrap elementor-element-populated\">\n\t\t\t\t\t\t<div class=\"elementor-element elementor-element-9538cec elementor-widget elementor-widget-text-editor\" data-id=\"9538cec\" data-element_type=\"widget\" data-e-type=\"widget\" data-widget_type=\"text-editor.default\">\n\t\t\t\t<div class=\"elementor-widget-container\">\n\t\t\t\t\t\t\t\t\t<p style=\"margin-bottom: 0in;\">Het jaar is weer voorbij, dus we kunnen u ook weer een overzicht geven van de collecte-opbrengsten tijdens de diensten in 2025.<\/p>\n<p style=\"margin-bottom: 0in;\">\u00a0<\/p>\n<p style=\"margin-bottom: 0in;\">Deze waren als volgt (afgerond):<\/p>\n<ul>\n<li>\n<p style=\"margin-bottom: 0in;\">\u201cKerk in Actie\u201d collectes (Diaconaat in Nederland en wereldwijd): \u20ac 1800<\/p>\n<\/li>\n<li>\n<p style=\"margin-bottom: 0in;\">Gezamenlijke projecten Liemers kerken: \u20ac 475<\/p>\n<\/li>\n<li>\n<p style=\"margin-bottom: 0in;\">Kerstontmoeting Duiven\/Westervoort: \u20ac 272<\/p>\n<\/li>\n<li>\n<p style=\"margin-bottom: 0in;\">Stichting Blij : \u20ac 308<\/p>\n<\/li>\n<li>\n<p style=\"margin-bottom: 0in;\">Schuldhulpmaatje : \u20ac 100<\/p>\n<\/li>\n<li>\n<p style=\"margin-bottom: 0in;\">Eigen diaconie algemeen: \u20ac 337<\/p>\n<\/li>\n<li>\n<p style=\"margin-bottom: 0in;\">Stille hulp : \u20ac 340<\/p>\n<\/li>\n<li>\n<p style=\"margin-bottom: 0in;\">Bloemen voor ouderen, zieken, uit de dienst e.d. : \u20ac 387<\/p>\n<\/li>\n<li>\n<p style=\"margin-bottom: 0in;\">Kerstviering voor ouderen: \u20ac 814<\/p>\n<\/li>\n<\/ul>\n<p style=\"margin-bottom: 0in;\">En daarnaast ontvangen we regelmatig giften op de bankrekening, die we zo goed mogelijk proberen toe te kennen aan de collecte van de voorgaande zondag of de overige doelen.<\/p>\n<p style=\"margin-bottom: 0in;\">\u00a0<\/p>\n<p style=\"margin-bottom: 0in;\">Dank voor uw bijdrage.<\/p>\n<p style=\"margin-bottom: 0in;\">Bernhard Rijpkema en Henk de Graaf\u00a0 \u00a0<\/p>\t\t\t\t\t\t\t\t<\/div>\n\t\t\t\t<\/div>\n\t\t\t\t\t<\/div>\n\t\t<\/div>\n\t\t\t\t\t<\/div>\n\t\t<\/section>\n\t\t\t\t<section class=\"elementor-section elementor-top-section elementor-element elementor-element-4dc8e05 elementor-section-boxed elementor-section-height-default elementor-section-height-default\" data-id=\"4dc8e05\" data-element_type=\"section\" data-e-type=\"section\">\n\t\t\t\t\t\t<div class=\"elementor-container elementor-column-gap-default\">\n\t\t\t\t\t<div class=\"elementor-column elementor-col-100 elementor-top-column elementor-element elementor-element-2db9dff\" data-id=\"2db9dff\" data-element_type=\"column\" data-e-type=\"column\">\n\t\t\t<div class=\"elementor-widget-wrap elementor-element-populated\">\n\t\t\t\t\t\t<div class=\"elementor-element elementor-element-25566be elementor-widget elementor-widget-heading\" data-id=\"25566be\" data-element_type=\"widget\" data-e-type=\"widget\" data-widget_type=\"heading.default\">\n\t\t\t\t<div class=\"elementor-widget-container\">\n\t\t\t\t\t<h2 class=\"elementor-heading-title elementor-size-default\"><h2>Gezamenlijke diaconie collectes in de Liemers 2026<\/b><span style=\"font-family: Verdana, Geneva, sans-serif;font-size: 28px;font-weight: normal\"><\/span><\/h2><\/h2>\t\t\t\t<\/div>\n\t\t\t\t<\/div>\n\t\t\t\t<div class=\"elementor-element elementor-element-6b62503 elementor-widget elementor-widget-text-editor\" data-id=\"6b62503\" data-element_type=\"widget\" data-e-type=\"widget\" data-widget_type=\"text-editor.default\">\n\t\t\t\t<div class=\"elementor-widget-container\">\n\t\t\t\t\t\t\t\t\t<p>Dit jaar collecteren we net als voorgaande jaren een aantal keren voor een project dat door \u00e9\u00e9n van de andere diaconie\u00ebn is uitgekozen. Elke diaconie heeft een eigen speciaal doel aangeleverd. Op een bepaalde datum collecteren we dan binnen de hele Liemers voor hetzelfde doel.<\/p>\n<p>Op 11 januari is de gezamenlijke collecte geweest voor het \u201cLeger des Heils Arnhem\u201d t.b.v. \u201cvrijetijdsbesteding voor kwetsbare mensen in de samenleving\u201d. Dit doel is aangedragen door de diaconie van Duiven.<\/p>\n<p>Op 26 April is de gezamenlijke collecte voor het Hospice Rozenheuvel in Velp. Dit doel is aangedragen door de diaconie van Westervoort. Onder dit bericht een uitgebreidere beschrijving van dit (bekende) doel.<\/p>\n<p>Op 10 mei is de gezamenlijke collecte voor Voedselbank in Zevenaar in Zevenaar\u201d. Dit doel is aangedragen door de diaconie van Zevenaar.<\/p>\n<p>Op 9 augustus is de gezamenlijke collecte voor de Stichting Urgente Noden Achterhoek\/Liemers of Stichting Present Montferland. Dit doel is aangedragen door de diaconie van Didam.<\/p>\n<p>Op 20 september is de gezamenlijke collecte voor de Stichting \u201cEerste Levensbehoefte Rijnwaardig te Aerdt\u201d. Dit doel is aangedragen door de diaconie van Rijnwaarden.<\/p>\n<p>Op 13 december is de gezamenlijke collecte voor de Stichting \u201cStichting Leergeld de Liemers\u201d. Dit doel is aangedragen door de diaconie van Lathum. Leergeld De Liemers\u00a0wil kinderen uit de gemeentes Zevenaar, Duiven, Westervoort en Montferland<b> <\/b>helpen om w\u00e9l mee te doen met sport, muziek of culturele activiteiten. Met de hulp van Leergeld kunnen kinderen uit gezinnen waar dit anders niet zou lukken net als de andere leerlingen op de fiets naar school en het huiswerk thuis op de computer maken.<\/p>\n<p>Verder collecteren we ook vier maal per jaar gezamenlijk voor de \u201cStichting Blij\u201d . Dit is op 8 februari, 7 juni , 12 juli en op 11 oktober. Deze stichting heeft landerijen in het bezit waar vrijwilligers groente verbouwen voor de voedselbank en mensen een dagbesteding hebben.<\/p>\n<p>Namens de diaconie, Bernhard Rijpkema en Henk de Graaf<\/p>\t\t\t\t\t\t\t\t<\/div>\n\t\t\t\t<\/div>\n\t\t\t\t\t<\/div>\n\t\t<\/div>\n\t\t\t\t\t<\/div>\n\t\t<\/section>\n\t\t\t\t<section class=\"elementor-section elementor-top-section elementor-element elementor-element-80f3c7a elementor-section-boxed elementor-section-height-default elementor-section-height-default\" data-id=\"80f3c7a\" data-element_type=\"section\" data-e-type=\"section\">\n\t\t\t\t\t\t<div class=\"elementor-container elementor-column-gap-default\">\n\t\t\t\t\t<div class=\"elementor-column elementor-col-100 elementor-top-column elementor-element elementor-element-6483806\" data-id=\"6483806\" data-element_type=\"column\" data-e-type=\"column\">\n\t\t\t<div class=\"elementor-widget-wrap elementor-element-populated\">\n\t\t\t\t\t\t<div class=\"elementor-element elementor-element-d7df581 elementor-widget elementor-widget-heading\" data-id=\"d7df581\" data-element_type=\"widget\" data-e-type=\"widget\" data-widget_type=\"heading.default\">\n\t\t\t\t<div class=\"elementor-widget-container\">\n\t\t\t\t\t<h2 class=\"elementor-heading-title elementor-size-default\">26 April: Gezamenlijke collecte Liemse Diaconie\u00ebn: Hospice Rozenheuvel<br><\/h2>\t\t\t\t<\/div>\n\t\t\t\t<\/div>\n\t\t\t\t\t<\/div>\n\t\t<\/div>\n\t\t\t\t\t<\/div>\n\t\t<\/section>\n\t\t\t\t<section class=\"elementor-section elementor-top-section elementor-element elementor-element-2799f95 elementor-section-boxed elementor-section-height-default elementor-section-height-default\" data-id=\"2799f95\" data-element_type=\"section\" data-e-type=\"section\">\n\t\t\t\t\t\t<div class=\"elementor-container elementor-column-gap-default\">\n\t\t\t\t\t<div class=\"elementor-column elementor-col-100 elementor-top-column elementor-element elementor-element-2c9386e\" data-id=\"2c9386e\" data-element_type=\"column\" data-e-type=\"column\">\n\t\t\t<div class=\"elementor-widget-wrap elementor-element-populated\">\n\t\t\t\t\t\t<div class=\"elementor-element elementor-element-3bcc9b4 elementor-widget elementor-widget-text-editor\" data-id=\"3bcc9b4\" data-element_type=\"widget\" data-e-type=\"widget\" data-widget_type=\"text-editor.default\">\n\t\t\t\t<div class=\"elementor-widget-container\">\n\t\t\t\t\t\t\t\t\t<p style=\"margin-bottom: 0in;\"><img fetchpriority=\"high\" decoding=\"async\" class=\"size-medium wp-image-10174 alignright\" src=\"https:\/\/www.werenfried.nl\/kerk\/wp-content\/uploads\/2026\/03\/Hospice-297x300.png\" alt=\"\" width=\"297\" height=\"300\" srcset=\"https:\/\/www.werenfried.nl\/kerk\/wp-content\/uploads\/2026\/03\/Hospice-297x300.png 297w, https:\/\/www.werenfried.nl\/kerk\/wp-content\/uploads\/2026\/03\/Hospice.png 400w\" sizes=\"(max-width: 297px) 100vw, 297px\" \/>Naastenliefde, Respect voor het leven,\u00a0Gedragenheid en Aandacht.<\/p>\n<p style=\"margin-bottom: 0in;\">\u00a0<\/p>\n<p style=\"margin-bottom: 0in;\">Dit zijn de kernwaarden van Hospice\u00a0Rozenheuvel. <br \/>Het Hospice biedt hoogwaardige palliatieve terminale\u00a0zorg in een huiselijke en warme omgeving. De missie is om \u201cleven\u00a0toe te voegen aan de laatste dagen\u201d van de gasten, waarbij men zich\u00a0richt op het bieden van comfort, zorg en ondersteuning aan mensen in\u00a0hun laatste levensfase. Daarnaast heeft men aandacht voor zingeving\u00a0en levensvragen.\u00a0<\/p>\n<p style=\"margin-bottom: 0in;\">\u00a0<\/p>\n<p style=\"margin-bottom: 0in;\">Het leveren van kwalitatief\u00a0hoogwaardige zorg is alleen mogelijk met de hulp van donateurs en\u00a0andere betrokkenen. Naast de reguliere zorgfinanciering is men\u00a0afhankelijk van giften, subsidies en andere vormen van fondsenwerving\u00a0om ook informele zorg en psychosociale ondersteuning te kunnen\u00a0blijven bieden. Uw bijdrage helpt hen een betekenisvolle afronding\u00a0van het leven mogelijk te maken voor de gasten.<\/p>\n<p style=\"margin-bottom: 0in;\">\u00a0<\/p>\n<p>Via deze\u00a0collecte ondersteunen we de Hospice hierbij.<\/p>\n<p style=\"margin-bottom: 0in;\">\u00a0<\/p>\n<p style=\"margin-bottom: 0in;\">IBAN NL90 RABO 0335 6832 31 <br \/>t.n.v.\u00a0<b>Stichting Vrienden van Hospice Rozenheuvel ST<\/b><\/p>\t\t\t\t\t\t\t\t<\/div>\n\t\t\t\t<\/div>\n\t\t\t\t\t<\/div>\n\t\t<\/div>\n\t\t\t\t\t<\/div>\n\t\t<\/section>\n\t\t\t\t<section class=\"elementor-section elementor-top-section elementor-element elementor-element-bda3f96 elementor-section-boxed elementor-section-height-default elementor-section-height-default\" data-id=\"bda3f96\" data-element_type=\"section\" data-e-type=\"section\">\n\t\t\t\t\t\t<div class=\"elementor-container elementor-column-gap-default\">\n\t\t\t\t\t<div class=\"elementor-column elementor-col-100 elementor-top-column elementor-element elementor-element-2d3e453\" data-id=\"2d3e453\" data-element_type=\"column\" data-e-type=\"column\">\n\t\t\t<div class=\"elementor-widget-wrap elementor-element-populated\">\n\t\t\t\t\t\t<div class=\"elementor-element elementor-element-fd67652 elementor-widget elementor-widget-heading\" data-id=\"fd67652\" data-element_type=\"widget\" data-e-type=\"widget\" data-widget_type=\"heading.default\">\n\t\t\t\t<div class=\"elementor-widget-container\">\n\t\t\t\t\t<h2 class=\"elementor-heading-title elementor-size-default\">Diaconaal project Inloophuis<\/h2>\t\t\t\t<\/div>\n\t\t\t\t<\/div>\n\t\t\t\t\t<\/div>\n\t\t<\/div>\n\t\t\t\t\t<\/div>\n\t\t<\/section>\n\t\t\t\t<section class=\"elementor-section elementor-top-section elementor-element elementor-element-dfe63e9 elementor-section-boxed elementor-section-height-default elementor-section-height-default\" data-id=\"dfe63e9\" data-element_type=\"section\" data-e-type=\"section\">\n\t\t\t\t\t\t<div class=\"elementor-container elementor-column-gap-default\">\n\t\t\t\t\t<div class=\"elementor-column elementor-col-100 elementor-top-column elementor-element elementor-element-8457c56\" data-id=\"8457c56\" data-element_type=\"column\" data-e-type=\"column\">\n\t\t\t<div class=\"elementor-widget-wrap elementor-element-populated\">\n\t\t\t\t\t\t<div class=\"elementor-element elementor-element-5878f7f elementor-widget elementor-widget-text-editor\" data-id=\"5878f7f\" data-element_type=\"widget\" data-e-type=\"widget\" data-widget_type=\"text-editor.default\">\n\t\t\t\t<div class=\"elementor-widget-container\">\n\t\t\t\t\t\t\t\t\t<p>Met regelmaat ondersteunen<img loading=\"lazy\" decoding=\"async\" class=\"size-full wp-image-9312 alignleft\" src=\"https:\/\/www.werenfried.nl\/kerk\/wp-content\/uploads\/2025\/04\/D1.jpg\" alt=\"\" width=\"300\" height=\"226\" \/> we \u201cInloophuis de Herberg\u201d in Westervoort.\u00a0<\/p>\n<p>Het Inloophuis organiseert verschillende activiteiten:<\/p>\n<p>Vijf dagdelen per week is iedereen van harte welkom om een kopje koffie of thee te komen drinken, een praatje maken, de krant lezen, een spelletje doen of gewoon van het samenzijn genieten.<\/p>\n<p>Iedere maandag is er een heerlijke lunch en drie keer per maand wordt er een warme maaltijd verzorgd op de donderdagen en vrijdagen.<\/p>\n<p>Er wordt een aantal keren per jaar extra voedseluitgiften en in de zomer groente uitgifte gedaan voor mensen die het financieel niet makkelijk hebben<\/p>\n<p>Dit doen zij door samen te werken met volkstuindersvereniging De Kavel.<\/p>\n<p>Verder worden er creatieve activiteiten georganiseerd, zoals bijvoorbeeld schilderen of bloemschikken.<\/p>\n<p><img loading=\"lazy\" decoding=\"async\" class=\"size-full wp-image-9311 alignleft\" src=\"https:\/\/www.werenfried.nl\/kerk\/wp-content\/uploads\/2025\/04\/D2.jpg\" alt=\"\" width=\"300\" height=\"215\" \/><\/p>\n<p>Ook zijn er praktische activiteiten waaronder het beantwoorden van vragen over het gebruik van de telefoon, tablet, laptop of smartphone door een ICT-vrijwilliger en er zijn mogelijkheid om elkaar te ontmoeten voor doven en slechthorenden in een rustige ruimte, waarbij rekening wordt gehouden met de verstaanbaarheid voor iedereen.<\/p>\n<p>Op Facebook is er vanuit het inloophuis een weggeefhoek actief. Hierop kun je spullen aanbieden, altijd gratis, die een ander weer goed kan gebruiken.\u00a0Hiermee dragen ze bij aan een duurzame samenleving en het bestrijden van armoede. <img loading=\"lazy\" decoding=\"async\" class=\"size-full wp-image-9310 alignright\" src=\"https:\/\/www.werenfried.nl\/kerk\/wp-content\/uploads\/2025\/04\/D3.jpg\" alt=\"\" width=\"300\" height=\"145\" \/><\/p>\n<p>Voor al deze activiteiten is ondersteuning nodig in geld en menskracht.<\/p>\n<p>Ook kunt u zeer spullen doneren. Het gaat dan om houdbare producten uit de supermarkt, die niet gekoeld moeten worden bewaard.<\/p>\n<p>Hierover kunt u lezen op <a href=\"https:\/\/www.inloophuisdeherberg.nl\/\">https:\/\/www.inloophuisdeherberg.nl\/<\/a><\/p>\n<p>U kunt ook nu \u201chet inloophuis helpen door een financi\u00eble bijdrage.<\/p>\n<p>Hartelijk dank daarvoor<\/p>\t\t\t\t\t\t\t\t<\/div>\n\t\t\t\t<\/div>\n\t\t\t\t\t<\/div>\n\t\t<\/div>\n\t\t\t\t\t<\/div>\n\t\t<\/section>\n\t\t\t\t<section class=\"elementor-section elementor-top-section elementor-element elementor-element-947f9ec elementor-section-boxed elementor-section-height-default elementor-section-height-default\" data-id=\"947f9ec\" data-element_type=\"section\" data-e-type=\"section\">\n\t\t\t\t\t\t<div class=\"elementor-container elementor-column-gap-default\">\n\t\t\t\t\t<div class=\"elementor-column elementor-col-100 elementor-top-column elementor-element elementor-element-6f09191\" data-id=\"6f09191\" data-element_type=\"column\" data-e-type=\"column\">\n\t\t\t<div class=\"elementor-widget-wrap elementor-element-populated\">\n\t\t\t\t\t\t<div class=\"elementor-element elementor-element-f576d8a elementor-widget elementor-widget-heading\" data-id=\"f576d8a\" data-element_type=\"widget\" data-e-type=\"widget\" data-widget_type=\"heading.default\">\n\t\t\t\t<div class=\"elementor-widget-container\">\n\t\t\t\t\t<h2 class=\"elementor-heading-title elementor-size-default\">Schuldhulpmaatjes<\/h2>\t\t\t\t<\/div>\n\t\t\t\t<\/div>\n\t\t\t\t\t<\/div>\n\t\t<\/div>\n\t\t\t\t\t<\/div>\n\t\t<\/section>\n\t\t\t\t<section class=\"elementor-section elementor-top-section elementor-element elementor-element-4fdbcb8 elementor-section-boxed elementor-section-height-default elementor-section-height-default\" data-id=\"4fdbcb8\" data-element_type=\"section\" data-e-type=\"section\">\n\t\t\t\t\t\t<div class=\"elementor-container elementor-column-gap-default\">\n\t\t\t\t\t<div class=\"elementor-column elementor-col-100 elementor-top-column elementor-element elementor-element-658ceba\" data-id=\"658ceba\" data-element_type=\"column\" data-e-type=\"column\">\n\t\t\t<div class=\"elementor-widget-wrap elementor-element-populated\">\n\t\t\t\t\t\t<div class=\"elementor-element elementor-element-166770e elementor-widget elementor-widget-text-editor\" data-id=\"166770e\" data-element_type=\"widget\" data-e-type=\"widget\" data-widget_type=\"text-editor.default\">\n\t\t\t\t<div class=\"elementor-widget-container\">\n\t\t\t\t\t\t\t\t\t<figure><img decoding=\"async\" class=\"alignright\" src=\"https:\/\/www.werenfried.nl\/kerk\/wp-content\/uploads\/2018\/12\/diac3.jpg\" alt=\"\" \/><\/figure>\n<p><!-- \/wp:image --><!-- wp:paragraph --><!-- \/wp:paragraph --><!-- wp:tadv\/classic-paragraph \/--><!-- wp:tadv\/classic-paragraph \/--><!-- wp:heading {\"textAlign\":\"left\"} --><\/p>\n<p><strong>Schuldhulpmaatjes:<\/strong> Een project dat we als Diaconie al langer steunen betreft het project Schuldhulpmaatjes, dat mensen met schulden helpt een betere grip op hun situatie te krijgen<br \/><span style=\"color: #993300;\"><a style=\"color: #993300;\" href=\"http:\/\/www.werenfried.nl\/diaconie\/D-project%20schuldhulpmaatje.pdf\">&lt;link document Schuldhulpmaatjes&gt;<\/a><\/span><\/p>\t\t\t\t\t\t\t\t<\/div>\n\t\t\t\t<\/div>\n\t\t\t\t\t<\/div>\n\t\t<\/div>\n\t\t\t\t\t<\/div>\n\t\t<\/section>\n\t\t\t\t<section class=\"elementor-section elementor-top-section elementor-element elementor-element-02887cb elementor-section-boxed elementor-section-height-default elementor-section-height-default\" data-id=\"02887cb\" data-element_type=\"section\" data-e-type=\"section\">\n\t\t\t\t\t\t<div class=\"elementor-container elementor-column-gap-default\">\n\t\t\t\t\t<div class=\"elementor-column elementor-col-100 elementor-top-column elementor-element elementor-element-2f0d68c\" data-id=\"2f0d68c\" data-element_type=\"column\" data-e-type=\"column\">\n\t\t\t<div class=\"elementor-widget-wrap elementor-element-populated\">\n\t\t\t\t\t\t<div class=\"elementor-element elementor-element-e8feab8 elementor-widget elementor-widget-text-editor\" data-id=\"e8feab8\" data-element_type=\"widget\" data-e-type=\"widget\" data-widget_type=\"text-editor.default\">\n\t\t\t\t<div class=\"elementor-widget-container\">\n\t\t\t\t\t\t\t\t\t<p style=\"text-align: center;\">\u00a0 \u00a0 \u00a0Bankrekening Diaconie:\u00a0NL77RABO 0369 7186 31<\/p>\t\t\t\t\t\t\t\t<\/div>\n\t\t\t\t<\/div>\n\t\t\t\t\t<\/div>\n\t\t<\/div>\n\t\t\t\t\t<\/div>\n\t\t<\/section>\n\t\t\t\t<\/div>\n\t\t","protected":false},"excerpt":{"rendered":"<p>De Diaconie van de Protestantse Kerk in Westervoort zet zich in voor een rechtvaardige en barmhartige samenleving. Vanuit compassie ondersteunen we hen die hulp nodig hebben, eenzaam zijn of in armoede leven. Dit willen we samen doen met de velen<\/p>\n","protected":false},"author":1,"featured_media":0,"parent":0,"menu_order":0,"comment_status":"closed","ping_status":"closed","template":"","meta":{"ngg_post_thumbnail":0,"footnotes":""},"class_list":["post-4392","page","type-page","status-publish","hentry"],"_links":{"self":[{"href":"https:\/\/www.werenfried.nl\/kerk\/wp-json\/wp\/v2\/pages\/4392","targetHints":{"allow":["GET"]}}],"collection":[{"href":"https:\/\/www.werenfried.nl\/kerk\/wp-json\/wp\/v2\/pages"}],"about":[{"href":"https:\/\/www.werenfried.nl\/kerk\/wp-json\/wp\/v2\/types\/page"}],"author":[{"embeddable":true,"href":"https:\/\/www.werenfried.nl\/kerk\/wp-json\/wp\/v2\/users\/1"}],"replies":[{"embeddable":true,"href":"https:\/\/www.werenfried.nl\/kerk\/wp-json\/wp\/v2\/comments?post=4392"}],"version-history":[{"count":93,"href":"https:\/\/www.werenfried.nl\/kerk\/wp-json\/wp\/v2\/pages\/4392\/revisions"}],"predecessor-version":[{"id":10187,"href":"https:\/\/www.werenfried.nl\/kerk\/wp-json\/wp\/v2\/pages\/4392\/revisions\/10187"}],"wp:attachment":[{"href":"https:\/\/www.werenfried.nl\/kerk\/wp-json\/wp\/v2\/media?parent=4392"}],"curies":[{"name":"wp","href":"https:\/\/api.w.org\/{rel}","templated":true}]}}